{"id":947,"date":"2024-07-04T11:32:27","date_gmt":"2024-07-04T09:32:27","guid":{"rendered":"https:\/\/www.rivieranoel.com\/montreux\/actualites\/"},"modified":"2024-09-10T16:34:03","modified_gmt":"2024-09-10T14:34:03","slug":"news","status":"publish","type":"page","link":"https:\/\/www.villeneuverivieranoel.com\/en\/news\/","title":{"rendered":"News"},"content":{"rendered":"<div class=\"the-content\"><h2><span style=\"color: #c5af76;\"><strong><img loading=\"lazy\" decoding=\"async\" class=\"alignnone size-medium wp-image-1859\" src=\"https:\/\/www.rivieranoel.com\/montreux\/wp-content\/uploads\/sites\/7\/2024\/09\/mn_logo_30-ans_hd-192x300.jpg\" alt=\"\" width=\"192\" height=\"300\" srcset=\"https:\/\/www.villeneuverivieranoel.com\/wp-content\/uploads\/sites\/7\/2024\/09\/mn_logo_30-ans_hd-192x300.jpg 192w, https:\/\/www.villeneuverivieranoel.com\/wp-content\/uploads\/sites\/7\/2024\/09\/mn_logo_30-ans_hd-654x1024.jpg 654w, https:\/\/www.villeneuverivieranoel.com\/wp-content\/uploads\/sites\/7\/2024\/09\/mn_logo_30-ans_hd-768x1202.jpg 768w, https:\/\/www.villeneuverivieranoel.com\/wp-content\/uploads\/sites\/7\/2024\/09\/mn_logo_30-ans_hd-818x1280.jpg 818w, https:\/\/www.villeneuverivieranoel.com\/wp-content\/uploads\/sites\/7\/2024\/09\/mn_logo_30-ans_hd-982x1536.jpg 982w, https:\/\/www.villeneuverivieranoel.com\/wp-content\/uploads\/sites\/7\/2024\/09\/mn_logo_30-ans_hd.jpg 1181w\" sizes=\"auto, (max-width: 192px) 100vw, 192px\" \/><\/strong><\/span><\/h2>\n<h2><span style=\"color: #c5af76;\"><strong>Le March\u00e9 de No\u00ebl de Montreux f\u00eate ses 30 ans !<\/strong><\/span><\/h2>\n<h3>Cette ann\u00e9e, d\u00e9couvrez un anniversaire exceptionnel avec Riviera No\u00ebl. \u00c0 Montreux, plongez dans l&#8217;ambiance f\u00e9\u00e9rique avec des produits locaux, des concerts, des animations, et la visite du P\u00e8re No\u00ebl aux Rochers de Naye. \u00c0 Vevey, profitez d&#8217;animations vari\u00e9es comme le march\u00e9 aux Truffes et des spectacles enchanteurs. \u00c0 Villeneuve, laissez-vous surprendre par le village des Lutins, ses carrousels et activit\u00e9s uniques. Vivez la magie de No\u00ebl comme jamais auparavant !<\/h3>\n<\/div>","protected":false},"excerpt":{"rendered":"<p>Le March\u00e9 de No\u00ebl de Montreux f\u00eate ses 30 ans ! Cette ann\u00e9e, d\u00e9couvrez un anniversaire exceptionnel avec Riviera No\u00ebl. \u00c0 Montreux, plongez dans l&#8217;ambiance f\u00e9\u00e9rique avec des produits locaux, des concerts, des animations, et la visite du P\u00e8re No\u00ebl aux Rochers de Naye. \u00c0 Vevey, profitez d&#8217;animations vari\u00e9es comme le march\u00e9 aux Truffes et [&hellip;]<\/p>\n","protected":false},"author":1,"featured_media":0,"parent":0,"menu_order":34,"comment_status":"closed","ping_status":"closed","template":"page-actualites.php","meta":{"_acf_changed":false,"footnotes":""},"class_list":["post-947","page","type-page","status-publish","hentry"],"acf":[],"_links":{"self":[{"href":"https:\/\/www.villeneuverivieranoel.com\/en\/wp-json\/wp\/v2\/pages\/947","targetHints":{"allow":["GET"]}}],"collection":[{"href":"https:\/\/www.villeneuverivieranoel.com\/en\/wp-json\/wp\/v2\/pages"}],"about":[{"href":"https:\/\/www.villeneuverivieranoel.com\/en\/wp-json\/wp\/v2\/types\/page"}],"author":[{"embeddable":true,"href":"https:\/\/www.villeneuverivieranoel.com\/en\/wp-json\/wp\/v2\/users\/1"}],"replies":[{"embeddable":true,"href":"https:\/\/www.villeneuverivieranoel.com\/en\/wp-json\/wp\/v2\/comments?post=947"}],"version-history":[{"count":4,"href":"https:\/\/www.villeneuverivieranoel.com\/en\/wp-json\/wp\/v2\/pages\/947\/revisions"}],"predecessor-version":[{"id":1940,"href":"https:\/\/www.villeneuverivieranoel.com\/en\/wp-json\/wp\/v2\/pages\/947\/revisions\/1940"}],"wp:attachment":[{"href":"https:\/\/www.villeneuverivieranoel.com\/en\/wp-json\/wp\/v2\/media?parent=947"}],"curies":[{"name":"wp","href":"https:\/\/api.w.org\/{rel}","templated":true}]}}